{"id":669,"date":"2024-01-01T22:39:53","date_gmt":"2024-01-01T19:39:53","guid":{"rendered":"http:\/\/ceren.yirmibir.co\/?post_type=product&#038;p=669"},"modified":"2024-01-03T15:17:26","modified_gmt":"2024-01-03T12:17:26","slug":"yuksek-bel-suni-deri-palazzo-pantolon","status":"publish","type":"product","link":"https:\/\/ceren.yirmibir.co\/index.php\/product\/yuksek-bel-suni-deri-palazzo-pantolon\/","title":{"rendered":"Y\u00fcksek Bel Deri Palazzo Pantolon"},"content":{"rendered":"","protected":false},"excerpt":{"rendered":"<p>Kuma\u015f \u0130\u00e7eri\u011fi : %100 Pamuk<\/p>\n","protected":false},"featured_media":717,"comment_status":"open","ping_status":"closed","template":"","meta":[],"product_cat":[17],"product_tag":[],"_links":{"self":[{"href":"https:\/\/ceren.yirmibir.co\/index.php\/wp-json\/wp\/v2\/product\/669"}],"collection":[{"href":"https:\/\/ceren.yirmibir.co\/index.php\/wp-json\/wp\/v2\/product"}],"about":[{"href":"https:\/\/ceren.yirmibir.co\/index.php\/wp-json\/wp\/v2\/types\/product"}],"replies":[{"embeddable":true,"href":"https:\/\/ceren.yirmibir.co\/index.php\/wp-json\/wp\/v2\/comments?post=669"}],"wp:featuredmedia":[{"embeddable":true,"href":"https:\/\/ceren.yirmibir.co\/index.php\/wp-json\/wp\/v2\/media\/717"}],"wp:attachment":[{"href":"https:\/\/ceren.yirmibir.co\/index.php\/wp-json\/wp\/v2\/media?parent=669"}],"wp:term":[{"taxonomy":"product_cat","embeddable":true,"href":"https:\/\/ceren.yirmibir.co\/index.php\/wp-json\/wp\/v2\/product_cat?post=669"},{"taxonomy":"product_tag","embeddable":true,"href":"https:\/\/ceren.yirmibir.co\/index.php\/wp-json\/wp\/v2\/product_tag?post=669"}],"curies":[{"name":"wp","href":"https:\/\/api.w.org\/{rel}","templated":true}]}}