{"id":677,"date":"2024-01-01T22:44:29","date_gmt":"2024-01-01T19:44:29","guid":{"rendered":"http:\/\/ceren.yirmibir.co\/?post_type=product&#038;p=677"},"modified":"2024-01-03T11:44:11","modified_gmt":"2024-01-03T08:44:11","slug":"suni-deri-kemerli-boyfriend-sort-krem","status":"publish","type":"product","link":"https:\/\/ceren.yirmibir.co\/index.php\/product\/suni-deri-kemerli-boyfriend-sort-krem\/","title":{"rendered":"Kemerli Deri Boyfriend \u015eort &#8211; Krem"},"content":{"rendered":"","protected":false},"excerpt":{"rendered":"<p>Kuma\u015f \u0130\u00e7eri\u011fi : %100 Polyester<\/p>\n<p>G\u00f6rsel \u00dcr\u00fcn Bedeni: S<\/p>\n","protected":false},"featured_media":708,"comment_status":"open","ping_status":"closed","template":"","meta":[],"product_cat":[23],"product_tag":[],"_links":{"self":[{"href":"https:\/\/ceren.yirmibir.co\/index.php\/wp-json\/wp\/v2\/product\/677"}],"collection":[{"href":"https:\/\/ceren.yirmibir.co\/index.php\/wp-json\/wp\/v2\/product"}],"about":[{"href":"https:\/\/ceren.yirmibir.co\/index.php\/wp-json\/wp\/v2\/types\/product"}],"replies":[{"embeddable":true,"href":"https:\/\/ceren.yirmibir.co\/index.php\/wp-json\/wp\/v2\/comments?post=677"}],"wp:featuredmedia":[{"embeddable":true,"href":"https:\/\/ceren.yirmibir.co\/index.php\/wp-json\/wp\/v2\/media\/708"}],"wp:attachment":[{"href":"https:\/\/ceren.yirmibir.co\/index.php\/wp-json\/wp\/v2\/media?parent=677"}],"wp:term":[{"taxonomy":"product_cat","embeddable":true,"href":"https:\/\/ceren.yirmibir.co\/index.php\/wp-json\/wp\/v2\/product_cat?post=677"},{"taxonomy":"product_tag","embeddable":true,"href":"https:\/\/ceren.yirmibir.co\/index.php\/wp-json\/wp\/v2\/product_tag?post=677"}],"curies":[{"name":"wp","href":"https:\/\/api.w.org\/{rel}","templated":true}]}}