{"id":739,"date":"2024-01-03T11:32:08","date_gmt":"2024-01-03T08:32:08","guid":{"rendered":"https:\/\/ceren.yirmibir.co\/?post_type=product&#038;p=739"},"modified":"2024-01-03T11:33:34","modified_gmt":"2024-01-03T08:33:34","slug":"derin-yirtmacli-kemerli-maxi-boy-deri-etek-bej","status":"publish","type":"product","link":"https:\/\/ceren.yirmibir.co\/index.php\/product\/derin-yirtmacli-kemerli-maxi-boy-deri-etek-bej\/","title":{"rendered":"Derin Y\u0131rtma\u00e7l\u0131 Kemerli Maxi Boy Deri Etek &#8211; Bej"},"content":{"rendered":"","protected":false},"excerpt":{"rendered":"<p>Kuma\u015f \u0130\u00e7eri\u011fi : \u0130nterlok Deri<\/p>\n<p>G\u00f6rsel \u00dcr\u00fcn Bedeni: S<\/p>\n","protected":false},"featured_media":743,"comment_status":"open","ping_status":"closed","template":"","meta":[],"product_cat":[15],"product_tag":[],"_links":{"self":[{"href":"https:\/\/ceren.yirmibir.co\/index.php\/wp-json\/wp\/v2\/product\/739"}],"collection":[{"href":"https:\/\/ceren.yirmibir.co\/index.php\/wp-json\/wp\/v2\/product"}],"about":[{"href":"https:\/\/ceren.yirmibir.co\/index.php\/wp-json\/wp\/v2\/types\/product"}],"replies":[{"embeddable":true,"href":"https:\/\/ceren.yirmibir.co\/index.php\/wp-json\/wp\/v2\/comments?post=739"}],"wp:featuredmedia":[{"embeddable":true,"href":"https:\/\/ceren.yirmibir.co\/index.php\/wp-json\/wp\/v2\/media\/743"}],"wp:attachment":[{"href":"https:\/\/ceren.yirmibir.co\/index.php\/wp-json\/wp\/v2\/media?parent=739"}],"wp:term":[{"taxonomy":"product_cat","embeddable":true,"href":"https:\/\/ceren.yirmibir.co\/index.php\/wp-json\/wp\/v2\/product_cat?post=739"},{"taxonomy":"product_tag","embeddable":true,"href":"https:\/\/ceren.yirmibir.co\/index.php\/wp-json\/wp\/v2\/product_tag?post=739"}],"curies":[{"name":"wp","href":"https:\/\/api.w.org\/{rel}","templated":true}]}}