{"id":755,"date":"2024-01-03T11:38:49","date_gmt":"2024-01-03T08:38:49","guid":{"rendered":"https:\/\/ceren.yirmibir.co\/?post_type=product&#038;p=755"},"modified":"2024-01-03T11:39:54","modified_gmt":"2024-01-03T08:39:54","slug":"yuksek-bel-palazzo-pantolon-bej","status":"publish","type":"product","link":"https:\/\/ceren.yirmibir.co\/index.php\/product\/yuksek-bel-palazzo-pantolon-bej\/","title":{"rendered":"Y\u00fcksek Bel Palazzo Pantolon &#8211; Bej"},"content":{"rendered":"","protected":false},"excerpt":{"rendered":"<p>Kuma\u015f \u0130\u00e7eri\u011fi : %100 Pamuk<\/p>\n","protected":false},"featured_media":760,"comment_status":"open","ping_status":"closed","template":"","meta":[],"product_cat":[17],"product_tag":[],"_links":{"self":[{"href":"https:\/\/ceren.yirmibir.co\/index.php\/wp-json\/wp\/v2\/product\/755"}],"collection":[{"href":"https:\/\/ceren.yirmibir.co\/index.php\/wp-json\/wp\/v2\/product"}],"about":[{"href":"https:\/\/ceren.yirmibir.co\/index.php\/wp-json\/wp\/v2\/types\/product"}],"replies":[{"embeddable":true,"href":"https:\/\/ceren.yirmibir.co\/index.php\/wp-json\/wp\/v2\/comments?post=755"}],"wp:featuredmedia":[{"embeddable":true,"href":"https:\/\/ceren.yirmibir.co\/index.php\/wp-json\/wp\/v2\/media\/760"}],"wp:attachment":[{"href":"https:\/\/ceren.yirmibir.co\/index.php\/wp-json\/wp\/v2\/media?parent=755"}],"wp:term":[{"taxonomy":"product_cat","embeddable":true,"href":"https:\/\/ceren.yirmibir.co\/index.php\/wp-json\/wp\/v2\/product_cat?post=755"},{"taxonomy":"product_tag","embeddable":true,"href":"https:\/\/ceren.yirmibir.co\/index.php\/wp-json\/wp\/v2\/product_tag?post=755"}],"curies":[{"name":"wp","href":"https:\/\/api.w.org\/{rel}","templated":true}]}}