{"id":765,"date":"2024-01-03T13:29:17","date_gmt":"2024-01-03T10:29:17","guid":{"rendered":"https:\/\/ceren.yirmibir.co\/?post_type=product&#038;p=765"},"modified":"2024-01-03T13:29:17","modified_gmt":"2024-01-03T10:29:17","slug":"bagcik-detayli-valonlu-kazak-beyaz","status":"publish","type":"product","link":"https:\/\/ceren.yirmibir.co\/index.php\/product\/bagcik-detayli-valonlu-kazak-beyaz\/","title":{"rendered":"Ba\u011fc\u0131k Detayl\u0131 Valonlu Kazak &#8211; Beyaz"},"content":{"rendered":"","protected":false},"excerpt":{"rendered":"","protected":false},"featured_media":766,"comment_status":"open","ping_status":"closed","template":"","meta":[],"product_cat":[19],"product_tag":[],"_links":{"self":[{"href":"https:\/\/ceren.yirmibir.co\/index.php\/wp-json\/wp\/v2\/product\/765"}],"collection":[{"href":"https:\/\/ceren.yirmibir.co\/index.php\/wp-json\/wp\/v2\/product"}],"about":[{"href":"https:\/\/ceren.yirmibir.co\/index.php\/wp-json\/wp\/v2\/types\/product"}],"replies":[{"embeddable":true,"href":"https:\/\/ceren.yirmibir.co\/index.php\/wp-json\/wp\/v2\/comments?post=765"}],"wp:featuredmedia":[{"embeddable":true,"href":"https:\/\/ceren.yirmibir.co\/index.php\/wp-json\/wp\/v2\/media\/766"}],"wp:attachment":[{"href":"https:\/\/ceren.yirmibir.co\/index.php\/wp-json\/wp\/v2\/media?parent=765"}],"wp:term":[{"taxonomy":"product_cat","embeddable":true,"href":"https:\/\/ceren.yirmibir.co\/index.php\/wp-json\/wp\/v2\/product_cat?post=765"},{"taxonomy":"product_tag","embeddable":true,"href":"https:\/\/ceren.yirmibir.co\/index.php\/wp-json\/wp\/v2\/product_tag?post=765"}],"curies":[{"name":"wp","href":"https:\/\/api.w.org\/{rel}","templated":true}]}}