{"id":803,"date":"2024-01-03T13:49:43","date_gmt":"2024-01-03T10:49:43","guid":{"rendered":"https:\/\/ceren.yirmibir.co\/?post_type=product&#038;p=803"},"modified":"2024-01-03T13:59:20","modified_gmt":"2024-01-03T10:59:20","slug":"bagcik-detayli-balon-kol-crop-bluz-beyaz","status":"publish","type":"product","link":"https:\/\/ceren.yirmibir.co\/index.php\/product\/bagcik-detayli-balon-kol-crop-bluz-beyaz\/","title":{"rendered":"Ba\u011fc\u0131k Detayl\u0131 Balon Kol Crop Bluz &#8211; Beyaz"},"content":{"rendered":"","protected":false},"excerpt":{"rendered":"","protected":false},"featured_media":804,"comment_status":"open","ping_status":"closed","template":"","meta":[],"product_cat":[18],"product_tag":[],"_links":{"self":[{"href":"https:\/\/ceren.yirmibir.co\/index.php\/wp-json\/wp\/v2\/product\/803"}],"collection":[{"href":"https:\/\/ceren.yirmibir.co\/index.php\/wp-json\/wp\/v2\/product"}],"about":[{"href":"https:\/\/ceren.yirmibir.co\/index.php\/wp-json\/wp\/v2\/types\/product"}],"replies":[{"embeddable":true,"href":"https:\/\/ceren.yirmibir.co\/index.php\/wp-json\/wp\/v2\/comments?post=803"}],"wp:featuredmedia":[{"embeddable":true,"href":"https:\/\/ceren.yirmibir.co\/index.php\/wp-json\/wp\/v2\/media\/804"}],"wp:attachment":[{"href":"https:\/\/ceren.yirmibir.co\/index.php\/wp-json\/wp\/v2\/media?parent=803"}],"wp:term":[{"taxonomy":"product_cat","embeddable":true,"href":"https:\/\/ceren.yirmibir.co\/index.php\/wp-json\/wp\/v2\/product_cat?post=803"},{"taxonomy":"product_tag","embeddable":true,"href":"https:\/\/ceren.yirmibir.co\/index.php\/wp-json\/wp\/v2\/product_tag?post=803"}],"curies":[{"name":"wp","href":"https:\/\/api.w.org\/{rel}","templated":true}]}}