{"id":819,"date":"2024-01-03T14:02:23","date_gmt":"2024-01-03T11:02:23","guid":{"rendered":"https:\/\/ceren.yirmibir.co\/?post_type=product&#038;p=819"},"modified":"2024-01-03T14:03:48","modified_gmt":"2024-01-03T11:03:48","slug":"bagcik-detayli-balon-kol-crop-bluz-pembe","status":"publish","type":"product","link":"https:\/\/ceren.yirmibir.co\/index.php\/product\/bagcik-detayli-balon-kol-crop-bluz-pembe\/","title":{"rendered":"Ba\u011fc\u0131k Detayl\u0131 Balon Kol Crop Bluz &#8211; Pembe"},"content":{"rendered":"","protected":false},"excerpt":{"rendered":"","protected":false},"featured_media":824,"comment_status":"open","ping_status":"closed","template":"","meta":[],"product_cat":[18],"product_tag":[],"_links":{"self":[{"href":"https:\/\/ceren.yirmibir.co\/index.php\/wp-json\/wp\/v2\/product\/819"}],"collection":[{"href":"https:\/\/ceren.yirmibir.co\/index.php\/wp-json\/wp\/v2\/product"}],"about":[{"href":"https:\/\/ceren.yirmibir.co\/index.php\/wp-json\/wp\/v2\/types\/product"}],"replies":[{"embeddable":true,"href":"https:\/\/ceren.yirmibir.co\/index.php\/wp-json\/wp\/v2\/comments?post=819"}],"wp:featuredmedia":[{"embeddable":true,"href":"https:\/\/ceren.yirmibir.co\/index.php\/wp-json\/wp\/v2\/media\/824"}],"wp:attachment":[{"href":"https:\/\/ceren.yirmibir.co\/index.php\/wp-json\/wp\/v2\/media?parent=819"}],"wp:term":[{"taxonomy":"product_cat","embeddable":true,"href":"https:\/\/ceren.yirmibir.co\/index.php\/wp-json\/wp\/v2\/product_cat?post=819"},{"taxonomy":"product_tag","embeddable":true,"href":"https:\/\/ceren.yirmibir.co\/index.php\/wp-json\/wp\/v2\/product_tag?post=819"}],"curies":[{"name":"wp","href":"https:\/\/api.w.org\/{rel}","templated":true}]}}