{"id":903,"date":"2024-01-03T15:11:00","date_gmt":"2024-01-03T12:11:00","guid":{"rendered":"https:\/\/ceren.yirmibir.co\/?post_type=product&#038;p=903"},"modified":"2024-01-03T15:11:34","modified_gmt":"2024-01-03T12:11:34","slug":"firfir-detayli-bluz-kiremit","status":"publish","type":"product","link":"https:\/\/ceren.yirmibir.co\/index.php\/product\/firfir-detayli-bluz-kiremit\/","title":{"rendered":"F\u0131rf\u0131r Detayl\u0131 Bluz &#8211; Kiremit"},"content":{"rendered":"","protected":false},"excerpt":{"rendered":"","protected":false},"featured_media":900,"comment_status":"open","ping_status":"closed","template":"","meta":[],"product_cat":[18],"product_tag":[],"_links":{"self":[{"href":"https:\/\/ceren.yirmibir.co\/index.php\/wp-json\/wp\/v2\/product\/903"}],"collection":[{"href":"https:\/\/ceren.yirmibir.co\/index.php\/wp-json\/wp\/v2\/product"}],"about":[{"href":"https:\/\/ceren.yirmibir.co\/index.php\/wp-json\/wp\/v2\/types\/product"}],"replies":[{"embeddable":true,"href":"https:\/\/ceren.yirmibir.co\/index.php\/wp-json\/wp\/v2\/comments?post=903"}],"wp:featuredmedia":[{"embeddable":true,"href":"https:\/\/ceren.yirmibir.co\/index.php\/wp-json\/wp\/v2\/media\/900"}],"wp:attachment":[{"href":"https:\/\/ceren.yirmibir.co\/index.php\/wp-json\/wp\/v2\/media?parent=903"}],"wp:term":[{"taxonomy":"product_cat","embeddable":true,"href":"https:\/\/ceren.yirmibir.co\/index.php\/wp-json\/wp\/v2\/product_cat?post=903"},{"taxonomy":"product_tag","embeddable":true,"href":"https:\/\/ceren.yirmibir.co\/index.php\/wp-json\/wp\/v2\/product_tag?post=903"}],"curies":[{"name":"wp","href":"https:\/\/api.w.org\/{rel}","templated":true}]}}