{"id":951,"date":"2024-01-03T16:31:38","date_gmt":"2024-01-03T13:31:38","guid":{"rendered":"https:\/\/ceren.yirmibir.co\/?post_type=product&#038;p=951"},"modified":"2024-01-03T16:31:38","modified_gmt":"2024-01-03T13:31:38","slug":"beli-kusakli-kruvaze-sim-detayli-crop-bluz","status":"publish","type":"product","link":"https:\/\/ceren.yirmibir.co\/index.php\/product\/beli-kusakli-kruvaze-sim-detayli-crop-bluz\/","title":{"rendered":"Beli Ku\u015fakl\u0131 Kruvaze Sim Detayl\u0131 Crop Bluz"},"content":{"rendered":"","protected":false},"excerpt":{"rendered":"","protected":false},"featured_media":952,"comment_status":"open","ping_status":"closed","template":"","meta":[],"product_cat":[18],"product_tag":[],"_links":{"self":[{"href":"https:\/\/ceren.yirmibir.co\/index.php\/wp-json\/wp\/v2\/product\/951"}],"collection":[{"href":"https:\/\/ceren.yirmibir.co\/index.php\/wp-json\/wp\/v2\/product"}],"about":[{"href":"https:\/\/ceren.yirmibir.co\/index.php\/wp-json\/wp\/v2\/types\/product"}],"replies":[{"embeddable":true,"href":"https:\/\/ceren.yirmibir.co\/index.php\/wp-json\/wp\/v2\/comments?post=951"}],"wp:featuredmedia":[{"embeddable":true,"href":"https:\/\/ceren.yirmibir.co\/index.php\/wp-json\/wp\/v2\/media\/952"}],"wp:attachment":[{"href":"https:\/\/ceren.yirmibir.co\/index.php\/wp-json\/wp\/v2\/media?parent=951"}],"wp:term":[{"taxonomy":"product_cat","embeddable":true,"href":"https:\/\/ceren.yirmibir.co\/index.php\/wp-json\/wp\/v2\/product_cat?post=951"},{"taxonomy":"product_tag","embeddable":true,"href":"https:\/\/ceren.yirmibir.co\/index.php\/wp-json\/wp\/v2\/product_tag?post=951"}],"curies":[{"name":"wp","href":"https:\/\/api.w.org\/{rel}","templated":true}]}}